{"id":944,"date":"2018-03-05T16:22:53","date_gmt":"2018-03-05T15:22:53","guid":{"rendered":"http:\/\/www.gedifra.com\/cuor-di-cotone-120\/"},"modified":"2021-11-19T11:54:09","modified_gmt":"2021-11-19T10:54:09","slug":"cuor-di-cotone-120","status":"publish","type":"page","link":"https:\/\/www.gedifra.com\/de\/cuor-di-cotone-120\/","title":{"rendered":"Cuor di Cotone 120"},"content":{"rendered":"<div class=\"flex_column av_one_full  flex_column_div first  \" style='padding:0px 0px -20px 0px ; border-radius:0px; '><section class=\"av_textblock_section\"  itemscope=\"itemscope\" itemtype=\"https:\/\/schema.org\/CreativeWork\" ><div class='avia_textblock '   itemprop=\"text\" ><h1 style=\"text-align: center;\">CUOR DI COTONE 120<\/h1>\n<div class=\"descProdottoInterno\">\n<div style=\"text-align: center;\"><em><strong>9810021 Cuor di Cotone 120<\/strong> 50g baseball 120m &#8211; <strong>100% Baumwolle <\/strong>Cotton<\/em><\/div>\n<\/div>\n<\/div><\/section><\/div>\n<\/div><\/div><\/div><!-- close content main div --><\/div><\/div><div id='simbolifilato' class='av-layout-grid-container entry-content-wrapper main_color av-flex-cells  container_wrap fullsize'   >\n<div class=\"flex_cell no_margin av_one_third   \" style='vertical-align:top; padding:30px; '><div class='flex_cell_inner' ><\/div><\/div><div class=\"flex_cell no_margin av_one_third   av-zero-padding \" style='vertical-align:top; padding:0px; '><div class='flex_cell_inner' ><div class=\"flex_column av_one_full  flex_column_div av-zero-column-padding first  \" style='border-radius:0px; '><section class=\"avia_codeblock_section avia_code_block_0\"  itemscope=\"itemscope\" itemtype=\"https:\/\/schema.org\/CreativeWork\" ><div class='avia_codeblock '  itemprop=\"text\" > [avia_codeblock_placeholder uid=\"0\"] <\/div><\/section><\/div>\n<\/div><\/div><div class=\"flex_cell no_margin av_one_third   \" style='vertical-align:top; padding:30px; '><div class='flex_cell_inner' ><\/div><\/div>\n<\/div>\n<\/div><\/div><\/div><!-- close content main div --><\/div><\/div><div id='av-layout-grid-2' class='av-layout-grid-container entry-content-wrapper main_color av-flex-cells  container_wrap fullsize'   >\n<div class=\"flex_cell no_margin av_three_fourth   \" style='vertical-align:middle; padding:30px; '><div class='flex_cell_inner' ><p><div class='flex_column_table av-equal-height-column-flextable' ><div class=\"flex_column av_one_fourth  flex_column_table_cell av-equal-height-column av-align-middle av-zero-column-padding first  \" style='border-radius:0px; '><section class=\"av_textblock_section\"  itemscope=\"itemscope\" itemtype=\"https:\/\/schema.org\/CreativeWork\" ><div class='avia_textblock '  style='font-size:30px; '  itemprop=\"text\" ><div class=\"infoNumeri\">120 meters<\/div>\n<\/div><\/section><\/div><div class='av-flex-placeholder'><\/div><div class=\"flex_column av_one_fourth  flex_column_table_cell av-equal-height-column av-align-middle av-zero-column-padding   \" style='border-radius:0px; '><section class=\"av_textblock_section\"  itemscope=\"itemscope\" itemtype=\"https:\/\/schema.org\/CreativeWork\" ><div class='avia_textblock '  style='font-size:30px; '  itemprop=\"text\" ><div class=\"infoNumeri\">50 gr<\/div>\n<\/div><\/section><\/div><div class='av-flex-placeholder'><\/div><div class=\"flex_column av_one_half  flex_column_table_cell av-equal-height-column av-align-middle av-zero-column-padding   \" style='border-radius:0px; '><section class=\"av_textblock_section\"  itemscope=\"itemscope\" itemtype=\"https:\/\/schema.org\/CreativeWork\" ><div class='avia_textblock '  style='font-size:30px; '  itemprop=\"text\" ><div class=\"infoNumeri\"><strong>28 farben<\/strong> colors<\/div>\n<\/div><\/section><\/div><\/div><!--close column table wrapper. Autoclose:  --><section class=\"av_textblock_section\"  itemscope=\"itemscope\" itemtype=\"https:\/\/schema.org\/CreativeWork\" ><div class='avia_textblock '   itemprop=\"text\" ><h3><strong>100% BAUMWOLLE\u00a0<span class=\"scrittachiara\">COTTON<\/span><\/strong><\/h3>\n<\/div><\/section><br \/>\n<section class=\"av_textblock_section\"  itemscope=\"itemscope\" itemtype=\"https:\/\/schema.org\/CreativeWork\" ><div class='avia_textblock '   itemprop=\"text\" ><hr \/>\n<div style=\"font-size: 16px;\">\n<p>Ausschlie\u00dflich aus superfeiner, langstapeliger Baum- wolle hergestellt, ist Cuor di Cotone herrlich weich und perfekt geeignet f\u00fcr verschiedene Projekte wie Tops, leichte Pullover, J\u00e4ckchen und vieles mehr.<\/p>\n<\/div>\n<\/div><\/section><\/p>\n<\/div><\/div><div class=\"flex_cell no_margin av_one_fourth   \" style='vertical-align:top; padding:30px; '><div class='flex_cell_inner' ><p><div class=\"flex_column av_one_full  flex_column_div av-zero-column-padding first  \" style='border-radius:0px; '><div class='avia-image-container  av-styling-   avia-align-center '  itemscope=\"itemscope\" itemtype=\"https:\/\/schema.org\/ImageObject\"  ><div class='avia-image-container-inner'><a href='https:\/\/www.gedifra.com\/wp-content\/uploads\/2021\/05\/CUOR-DI-COTONE-120-1030x1030.jpg' class='avia_image'  ><img class='avia_image ' src='https:\/\/www.gedifra.com\/wp-content\/uploads\/2021\/05\/CUOR-DI-COTONE-120.jpg' alt='' title='CUOR DI COTONE 120'  itemprop=\"thumbnailUrl\"  \/><\/a><\/div><\/div><\/div><div class=\"flex_column av_one_third  flex_column_div av-zero-column-padding first  \" style='border-radius:0px; '><div class='avia-image-container  av-styling-   avia-align-center '  itemscope=\"itemscope\" itemtype=\"https:\/\/schema.org\/ImageObject\"  ><div class='avia-image-container-inner'><a href='https:\/\/www.gedifra.com\/wp-content\/uploads\/2018\/03\/Cuor-di-Cotone-120-685x1030.jpg' class='avia_image'  ><img class='avia_image ' src='https:\/\/www.gedifra.com\/wp-content\/uploads\/2018\/03\/Cuor-di-Cotone-120.jpg' alt='' title='G0253'  itemprop=\"thumbnailUrl\"  \/><\/a><\/div><\/div><\/div><div class=\"flex_column av_one_third  flex_column_div av-zero-column-padding   \" style='border-radius:0px; '><div class='avia-image-container  av-styling-   avia-align-center '  itemscope=\"itemscope\" itemtype=\"https:\/\/schema.org\/ImageObject\"  ><div class='avia-image-container-inner'><a href='https:\/\/www.gedifra.com\/wp-content\/uploads\/2018\/03\/CUOR-DI-COTONE-120-G0252-LEAFLET-1030x685.jpg' class='avia_image'  ><img class='avia_image ' src='https:\/\/www.gedifra.com\/wp-content\/uploads\/2018\/03\/CUOR-DI-COTONE-120-G0252-LEAFLET.jpg' alt='' title='G0252'  itemprop=\"thumbnailUrl\"  \/><\/a><\/div><\/div><\/div><div class=\"flex_column av_one_third  flex_column_div av-zero-column-padding   \" style='border-radius:0px; '><div class='avia-image-container  av-styling-   avia-align-center '  itemscope=\"itemscope\" itemtype=\"https:\/\/schema.org\/ImageObject\"  ><div class='avia-image-container-inner'><a href='https:\/\/www.gedifra.com\/wp-content\/uploads\/2019\/03\/IMG_3852-1030x686.jpg' class='avia_image'  ><img class='avia_image ' src='https:\/\/www.gedifra.com\/wp-content\/uploads\/2019\/03\/IMG_3852.jpg' alt='' title='G0373'  itemprop=\"thumbnailUrl\"  \/><\/a><\/div><\/div><\/div><\/p>\n<\/div><\/div>\n<\/div>\n<div class=\"flex_column av_one_full  flex_column_div av-zero-column-padding first  \" style='border-radius:0px; '>[avia_codeblock_placeholder uid=\"1\"]<\/div>\n<div class=\"flex_column av_one_full  flex_column_div av-zero-column-padding first  \" style='border-radius:0px; '><div class='avia-button-wrap avia-button-center '><a href='https:\/\/www.gedifra.com\/de\/ss-2022\/' class='avia-button  avia-icon_select-no avia-color-theme-color avia-size-large avia-position-center '   ><span class='avia_iconbox_title' >ZUR\u00dcCKKEHREN<\/span><\/a><\/div><\/div>\n<\/div>\n","protected":false},"excerpt":{"rendered":"","protected":false},"author":1,"featured_media":0,"parent":0,"menu_order":0,"comment_status":"closed","ping_status":"closed","template":"","meta":[],"_links":{"self":[{"href":"https:\/\/www.gedifra.com\/de\/wp-json\/wp\/v2\/pages\/944"}],"collection":[{"href":"https:\/\/www.gedifra.com\/de\/wp-json\/wp\/v2\/pages"}],"about":[{"href":"https:\/\/www.gedifra.com\/de\/wp-json\/wp\/v2\/types\/page"}],"author":[{"embeddable":true,"href":"https:\/\/www.gedifra.com\/de\/wp-json\/wp\/v2\/users\/1"}],"replies":[{"embeddable":true,"href":"https:\/\/www.gedifra.com\/de\/wp-json\/wp\/v2\/comments?post=944"}],"version-history":[{"count":15,"href":"https:\/\/www.gedifra.com\/de\/wp-json\/wp\/v2\/pages\/944\/revisions"}],"predecessor-version":[{"id":3490,"href":"https:\/\/www.gedifra.com\/de\/wp-json\/wp\/v2\/pages\/944\/revisions\/3490"}],"wp:attachment":[{"href":"https:\/\/www.gedifra.com\/de\/wp-json\/wp\/v2\/media?parent=944"}],"curies":[{"name":"wp","href":"https:\/\/api.w.org\/{rel}","templated":true}]}}