{"id":533,"date":"2017-05-25T12:29:26","date_gmt":"2017-05-25T10:29:26","guid":{"rendered":"http:\/\/www.gedifra.com\/lana-mia-one-4-two\/"},"modified":"2022-06-16T12:13:42","modified_gmt":"2022-06-16T10:13:42","slug":"lana-mia-one-4-two","status":"publish","type":"page","link":"https:\/\/www.gedifra.com\/de\/lana-mia-one-4-two\/","title":{"rendered":"Lana Mia one 4 two"},"content":{"rendered":"<div class=\"flex_column av_one_full  flex_column_div first  \" style='padding:0px 0px -20px 0px ; border-radius:0px; '><section class=\"av_textblock_section\"  itemscope=\"itemscope\" itemtype=\"https:\/\/schema.org\/CreativeWork\" ><div class='avia_textblock '   itemprop=\"text\" ><h1 style=\"text-align: center;\">LANA MIA ONE 4 TWO<\/h1>\n<h3 style=\"text-align: center;\"><em>merino sock wool<\/em><\/h3>\n<div class=\"descProdottoInterno\">\n<div style=\"text-align: center;\"><em><strong>9810013<\/strong>\u00a0100g ball 390m &#8211; <strong>80% schurwolle, superwash<\/strong> virgin wool, superwash <strong>20% polyamid<\/strong> polyamide<\/em><\/div>\n<\/div>\n<\/div><\/section><\/div>\n<\/div><\/div><\/div><!-- close content main div --><\/div><\/div><div id='simbolifilato' class='av-layout-grid-container entry-content-wrapper main_color av-flex-cells  container_wrap fullsize'   >\n<div class=\"flex_cell no_margin av_one_third   \" style='vertical-align:top; padding:30px; '><div class='flex_cell_inner' ><\/div><\/div><div class=\"flex_cell no_margin av_one_third   av-zero-padding \" style='vertical-align:top; padding:0px; '><div class='flex_cell_inner' ><div class=\"flex_column av_one_full  flex_column_div av-zero-column-padding first  \" style='border-radius:0px; '><section class=\"avia_codeblock_section avia_code_block_0\"  itemscope=\"itemscope\" itemtype=\"https:\/\/schema.org\/CreativeWork\" ><div class='avia_codeblock '  itemprop=\"text\" > [avia_codeblock_placeholder uid=\"0\"] <\/div><\/section><\/div>\n<\/div><\/div><div class=\"flex_cell no_margin av_one_third   \" style='vertical-align:top; padding:30px; '><div class='flex_cell_inner' ><\/div><\/div>\n<\/div>\n<\/div><\/div><\/div><!-- close content main div --><\/div><\/div><div id='av-layout-grid-2' class='av-layout-grid-container entry-content-wrapper main_color av-flex-cells  container_wrap fullsize'   >\n<div class=\"flex_cell no_margin av_three_fourth   \" style='vertical-align:middle; padding:30px; '><div class='flex_cell_inner' ><p><div class='flex_column_table av-equal-height-column-flextable' ><div class=\"flex_column av_one_fourth  flex_column_table_cell av-equal-height-column av-align-middle av-zero-column-padding first  \" style='border-radius:0px; '><section class=\"av_textblock_section\"  itemscope=\"itemscope\" itemtype=\"https:\/\/schema.org\/CreativeWork\" ><div class='avia_textblock '  style='font-size:30px; '  itemprop=\"text\" ><div class=\"infoNumeri\">390\u00a0meters<\/div>\n<\/div><\/section><\/div><div class='av-flex-placeholder'><\/div><div class=\"flex_column av_one_fourth  flex_column_table_cell av-equal-height-column av-align-middle av-zero-column-padding   \" style='border-radius:0px; '><section class=\"av_textblock_section\"  itemscope=\"itemscope\" itemtype=\"https:\/\/schema.org\/CreativeWork\" ><div class='avia_textblock '  style='font-size:30px; '  itemprop=\"text\" ><div class=\"infoNumeri\">100 gr<\/div>\n<\/div><\/section><\/div><div class='av-flex-placeholder'><\/div><div class=\"flex_column av_one_half  flex_column_table_cell av-equal-height-column av-align-middle av-zero-column-padding   \" style='border-radius:0px; '><section class=\"av_textblock_section\"  itemscope=\"itemscope\" itemtype=\"https:\/\/schema.org\/CreativeWork\" ><div class='avia_textblock '  style='font-size:30px; '  itemprop=\"text\" ><div class=\"infoNumeri\"><strong>27 farben<\/strong> colors<\/div>\n<\/div><\/section><\/div><\/div><!--close column table wrapper. Autoclose:  --><section class=\"av_textblock_section\"  itemscope=\"itemscope\" itemtype=\"https:\/\/schema.org\/CreativeWork\" ><div class='avia_textblock '   itemprop=\"text\" ><div class=\"bordedbottom\">\n<h3><strong>80% SCHURWOLLE, SUPERWASH <span class=\"scrittachiara\">VIRGIN WOOL, SUPER WASH<\/span><\/strong><\/h3>\n<h4>20% POLYAMID <span class=\"scrittachiara\">POLYAMIDE<\/span><\/h4>\n<\/div>\n<\/div><\/section><br \/>\n<section class=\"av_textblock_section\"  itemscope=\"itemscope\" itemtype=\"https:\/\/schema.org\/CreativeWork\" ><div class='avia_textblock '   itemprop=\"text\" ><div class=\"bordedbottom\">\n<p>Sie halten ein neues und innovatives Sockengarn in den H\u00e4nden. LanaMia One4Two sagt schon alles im Namen, ein Kn\u00e4uel f\u00fcr zwei Socken. Jetzt k\u00f6nnen Sie ganz einfach das perfekt abgestimmte Paar Socken stricken. Mit dem leicht zu erkennenden Anfang wickeln Sie einfach das Garn vom Kn\u00e4uel bis zum Ende des Starters und schon fangen Sie an, Ihre erste Socke zu stricken. F\u00fcr die zweite Socke wickeln Sie das Garn einfach wieder ab, bis Sie den gleichen Startpunkt und voil\u00e0 erreichen, zwei passende Socken. Wir haben sogar einen festen Abschnitt f\u00fcr eine andersfarbige Ferse hinzugef\u00fcgt. Beginnen Sie einfach mit dem Arbeiten an der Ferse, sobald Sie die Volltonfarbe erreicht haben. Sie k\u00f6nnen ein beliebiges Muster oder eine beliebige Stichmenge verwenden. Halten Sie einfach Ihre zweite Socke an die erste, um zu \u00fcberpr\u00fcfen, wo Ferse und Zehen beginnen sollen, und die Streifen passen perfekt zusammen. Und wenn Sie sich daf\u00fcr entscheiden, von au\u00dferhalb des Balls zu stricken, z. B. f\u00fcr Zehensocken, f\u00fcr die erste Socke, dann tun Sie dasselbe f\u00fcr die zweite. Mit diesen wenigen einfachen Tipps ist es so einfach wie eins, zwei, drei; oder noch besser: Eins, Vier, Zwei.<\/p>\n<\/div>\n<\/div><\/section><\/p>\n<\/div><\/div><div class=\"flex_cell no_margin av_one_fourth   \" style='vertical-align:top; padding:30px; '><div class='flex_cell_inner' ><p><div class=\"flex_column av_one_full  flex_column_div av-zero-column-padding first  \" style='border-radius:0px; '><div class='avia-image-container  av-styling-   avia-align-center '  itemscope=\"itemscope\" itemtype=\"https:\/\/schema.org\/ImageObject\"  ><div class='avia-image-container-inner'><a href='https:\/\/www.gedifra.com\/wp-content\/uploads\/2022\/06\/lana-mia-one-4-two-degrade-00952-B-1030x1030.jpg' class='avia_image'  ><img class='avia_image ' src='https:\/\/www.gedifra.com\/wp-content\/uploads\/2022\/06\/lana-mia-one-4-two-degrade-00952-B-scaled.jpg' alt='' title='lana mia one 4 two degrade-00952-B'  itemprop=\"thumbnailUrl\"  \/><\/a><\/div><\/div><\/div><div class=\"flex_column av_one_third  flex_column_div av-zero-column-padding first  \" style='border-radius:0px; '><div class='avia-image-container  av-styling-   avia-align-center '  itemscope=\"itemscope\" itemtype=\"https:\/\/schema.org\/ImageObject\"  ><div class='avia-image-container-inner'><a href='https:\/\/www.gedifra.com\/wp-content\/uploads\/2021\/05\/BARI-687x1030.jpg' class='avia_image'  ><img class='avia_image ' src='https:\/\/www.gedifra.com\/wp-content\/uploads\/2021\/05\/BARI.jpg' alt='' title='BARI'  itemprop=\"thumbnailUrl\"  \/><\/a><\/div><\/div><\/div><div class=\"flex_column av_one_third  flex_column_div av-zero-column-padding   \" style='border-radius:0px; '><div class='avia-image-container  av-styling-   avia-align-center '  itemscope=\"itemscope\" itemtype=\"https:\/\/schema.org\/ImageObject\"  ><div class='avia-image-container-inner'><a href='https:\/\/www.gedifra.com\/wp-content\/uploads\/2021\/05\/ANCONA-687x1030.jpg' class='avia_image'  ><img class='avia_image ' src='https:\/\/www.gedifra.com\/wp-content\/uploads\/2021\/05\/ANCONA.jpg' alt='' title='ANCONA'  itemprop=\"thumbnailUrl\"  \/><\/a><\/div><\/div><\/div><div class=\"flex_column av_one_third  flex_column_div av-zero-column-padding   \" style='border-radius:0px; '><div class='avia-image-container  av-styling-   avia-align-center '  itemscope=\"itemscope\" itemtype=\"https:\/\/schema.org\/ImageObject\"  ><div class='avia-image-container-inner'><a href='https:\/\/www.gedifra.com\/wp-content\/uploads\/2021\/05\/MESSINA-687x1030.jpg' class='avia_image'  ><img class='avia_image ' src='https:\/\/www.gedifra.com\/wp-content\/uploads\/2021\/05\/MESSINA.jpg' alt='' title='MESSINA'  itemprop=\"thumbnailUrl\"  \/><\/a><\/div><\/div><\/div><\/p>\n<\/div><\/div><\/div><div class=\"flex_column av_one_full  flex_column_div av-zero-column-padding first  \" style='border-radius:0px; '>[avia_codeblock_placeholder uid=\"1\"]<\/div><\/p>\n<div class=\"flex_column av_one_full  flex_column_div av-zero-column-padding first  \" style='border-radius:0px; '><div class='avia-button-wrap avia-button-center '><a href='https:\/\/www.gedifra.com\/de\/fw-2019-20\/' class='avia-button  avia-icon_select-no avia-color-theme-color avia-size-large avia-position-center '   ><span class='avia_iconbox_title' >ZUR\u00dcCKKEHREN<\/span><\/a><\/div><\/div>\n","protected":false},"excerpt":{"rendered":"","protected":false},"author":1,"featured_media":0,"parent":0,"menu_order":0,"comment_status":"closed","ping_status":"closed","template":"","meta":[],"_links":{"self":[{"href":"https:\/\/www.gedifra.com\/de\/wp-json\/wp\/v2\/pages\/533"}],"collection":[{"href":"https:\/\/www.gedifra.com\/de\/wp-json\/wp\/v2\/pages"}],"about":[{"href":"https:\/\/www.gedifra.com\/de\/wp-json\/wp\/v2\/types\/page"}],"author":[{"embeddable":true,"href":"https:\/\/www.gedifra.com\/de\/wp-json\/wp\/v2\/users\/1"}],"replies":[{"embeddable":true,"href":"https:\/\/www.gedifra.com\/de\/wp-json\/wp\/v2\/comments?post=533"}],"version-history":[{"count":22,"href":"https:\/\/www.gedifra.com\/de\/wp-json\/wp\/v2\/pages\/533\/revisions"}],"predecessor-version":[{"id":3841,"href":"https:\/\/www.gedifra.com\/de\/wp-json\/wp\/v2\/pages\/533\/revisions\/3841"}],"wp:attachment":[{"href":"https:\/\/www.gedifra.com\/de\/wp-json\/wp\/v2\/media?parent=533"}],"curies":[{"name":"wp","href":"https:\/\/api.w.org\/{rel}","templated":true}]}}