{"id":515,"date":"2017-05-25T10:26:01","date_gmt":"2017-05-25T08:26:01","guid":{"rendered":"http:\/\/www.gedifra.com\/cuor-di-merino-120-degrade\/"},"modified":"2022-06-16T12:10:11","modified_gmt":"2022-06-16T10:10:11","slug":"cuor-di-merino-120-degrade","status":"publish","type":"page","link":"https:\/\/www.gedifra.com\/de\/cuor-di-merino-120-degrade\/","title":{"rendered":"Cuor Di Merino 120 Degrad\u00e9"},"content":{"rendered":"<div class=\"flex_column av_one_full  flex_column_div first  \" style='padding:0px 0px -20px 0px ; border-radius:0px; '><section class=\"av_textblock_section\"  itemscope=\"itemscope\" itemtype=\"https:\/\/schema.org\/CreativeWork\" ><div class='avia_textblock '   itemprop=\"text\" ><h1 style=\"text-align: center;\">CUOR DI MERINO<\/h1>\n<h3 style=\"text-align: center;\"><em>Degrad\u00e9<\/em><\/h3>\n<div class=\"descProdottoInterno\">\n<div style=\"text-align: center;\"><em><strong>9810004<\/strong> 50g ball 120m &#8211; <strong>97% schurwolle, superwash<\/strong> virgin wool, superwash <strong>3% polyamid<\/strong> polyamide<\/em><\/div>\n<\/div>\n<\/div><\/section><\/div>\n<\/div><\/div><\/div><!-- close content main div --><\/div><\/div><div id='simbolifilato' class='av-layout-grid-container entry-content-wrapper main_color av-flex-cells  container_wrap fullsize'   >\n<div class=\"flex_cell no_margin av_one_third   \" style='vertical-align:top; padding:30px; '><div class='flex_cell_inner' ><\/div><\/div><div class=\"flex_cell no_margin av_one_third   av-zero-padding \" style='vertical-align:top; padding:0px; '><div class='flex_cell_inner' ><div class=\"flex_column av_one_full  flex_column_div av-zero-column-padding first  \" style='border-radius:0px; '><section class=\"avia_codeblock_section avia_code_block_0\"  itemscope=\"itemscope\" itemtype=\"https:\/\/schema.org\/CreativeWork\" ><div class='avia_codeblock '  itemprop=\"text\" > [avia_codeblock_placeholder uid=\"0\"] <\/div><\/section><\/div>\n<\/div><\/div><div class=\"flex_cell no_margin av_one_third   \" style='vertical-align:top; padding:30px; '><div class='flex_cell_inner' ><\/div><\/div>\n<\/div>\n<\/div><\/div><\/div><!-- close content main div --><\/div><\/div><div id='av-layout-grid-2' class='av-layout-grid-container entry-content-wrapper main_color av-flex-cells  container_wrap fullsize'   >\n<div class=\"flex_cell no_margin av_three_fourth   \" style='vertical-align:middle; padding:30px; '><div class='flex_cell_inner' ><p><div class='flex_column_table av-equal-height-column-flextable' ><div class=\"flex_column av_one_fourth  flex_column_table_cell av-equal-height-column av-align-middle av-zero-column-padding first  \" style='border-radius:0px; '><section class=\"av_textblock_section\"  itemscope=\"itemscope\" itemtype=\"https:\/\/schema.org\/CreativeWork\" ><div class='avia_textblock '  style='font-size:30px; '  itemprop=\"text\" ><div class=\"infoNumeri\">120 meters<\/div>\n<\/div><\/section><\/div><div class='av-flex-placeholder'><\/div><div class=\"flex_column av_one_fourth  flex_column_table_cell av-equal-height-column av-align-middle av-zero-column-padding   \" style='border-radius:0px; '><section class=\"av_textblock_section\"  itemscope=\"itemscope\" itemtype=\"https:\/\/schema.org\/CreativeWork\" ><div class='avia_textblock '  style='font-size:30px; '  itemprop=\"text\" ><div class=\"infoNumeri\">50 gr<\/div>\n<\/div><\/section><\/div><div class='av-flex-placeholder'><\/div><div class=\"flex_column av_one_half  flex_column_table_cell av-equal-height-column av-align-middle av-zero-column-padding   \" style='border-radius:0px; '><section class=\"av_textblock_section\"  itemscope=\"itemscope\" itemtype=\"https:\/\/schema.org\/CreativeWork\" ><div class='avia_textblock '  style='font-size:30px; '  itemprop=\"text\" ><div class=\"infoNumeri\"><strong>10\u00a0farben<\/strong> colors<\/div>\n<\/div><\/section><\/div><\/div><!--close column table wrapper. Autoclose:  --><section class=\"av_textblock_section\"  itemscope=\"itemscope\" itemtype=\"https:\/\/schema.org\/CreativeWork\" ><div class='avia_textblock '   itemprop=\"text\" ><div class=\"bordedbottom\">\n<h3><strong>97% SCHURWOLLE, SUPERWASH <span class=\"scrittachiara\">VIRGIN WOOL, SUPER WASH<\/span><\/strong><\/h3>\n<h4>3% POLYAMID <span class=\"scrittachiara\">POLYAMIDE<\/span><\/h4>\n<\/div>\n<\/div><\/section><br \/>\n<section class=\"av_textblock_section\"  itemscope=\"itemscope\" itemtype=\"https:\/\/schema.org\/CreativeWork\" ><div class='avia_textblock '   itemprop=\"text\" ><hr \/>\n<div style=\"font-size: 16px;\">Dieses hochwertige merino-garn ist leicht, angenehm zu tragen und eignet sich ausgezeichnet f\u00fcr strickarbeiten mit struktur. Die vielseitigkeit wird unterstrichen durch viele Farben und die m\u00f6glichkeit das garn in zwei st\u00e4rken zu kombinieren.<\/div>\n<\/div><\/section><\/p>\n<\/div><\/div><div class=\"flex_cell no_margin av_one_fourth   \" style='vertical-align:top; padding:30px; '><div class='flex_cell_inner' ><p><div class=\"flex_column av_one_full  flex_column_div av-zero-column-padding first  \" style='border-radius:0px; '><div class='avia-image-container  av-styling-   avia-align-center '  itemscope=\"itemscope\" itemtype=\"https:\/\/schema.org\/ImageObject\"  ><div class='avia-image-container-inner'><a href='https:\/\/www.gedifra.com\/wp-content\/uploads\/2022\/06\/cuor-di-merino-degrade-120-1008-B-1030x1030.jpg' class='avia_image'  ><img class='avia_image ' src='https:\/\/www.gedifra.com\/wp-content\/uploads\/2022\/06\/cuor-di-merino-degrade-120-1008-B-scaled.jpg' alt='' title='cuor di merino degrade 120-1008-B'  itemprop=\"thumbnailUrl\"  \/><\/a><\/div><\/div><\/div><div class=\"flex_column av_one_fourth  flex_column_div av-zero-column-padding first  \" style='border-radius:0px; '><div class='avia-image-container  av-styling-   avia-align-center '  itemscope=\"itemscope\" itemtype=\"https:\/\/schema.org\/ImageObject\"  ><div class='avia-image-container-inner'><a href='https:\/\/www.gedifra.com\/wp-content\/uploads\/2021\/05\/MELISSA-A-687x1030.jpg' class='avia_image'  ><img class='avia_image ' src='https:\/\/www.gedifra.com\/wp-content\/uploads\/2021\/05\/MELISSA-A.jpg' alt='' title='MELISSA A'  itemprop=\"thumbnailUrl\"  \/><\/a><\/div><\/div><\/div><div class=\"flex_column av_one_fourth  flex_column_div av-zero-column-padding   \" style='border-radius:0px; '><div class='avia-image-container  av-styling-   avia-align-center '  itemscope=\"itemscope\" itemtype=\"https:\/\/schema.org\/ImageObject\"  ><div class='avia-image-container-inner'><a href='https:\/\/www.gedifra.com\/wp-content\/uploads\/2021\/05\/MELISSA-B-687x1030.jpg' class='avia_image'  ><img class='avia_image ' src='https:\/\/www.gedifra.com\/wp-content\/uploads\/2021\/05\/MELISSA-B.jpg' alt='' title='MELISSA B'  itemprop=\"thumbnailUrl\"  \/><\/a><\/div><\/div><\/div><div class=\"flex_column av_one_fourth  flex_column_div av-zero-column-padding   \" style='border-radius:0px; '><div class='avia-image-container  av-styling-   avia-align-center '  itemscope=\"itemscope\" itemtype=\"https:\/\/schema.org\/ImageObject\"  ><div class='avia-image-container-inner'><a href='https:\/\/www.gedifra.com\/wp-content\/uploads\/2021\/05\/ALESSANDRA-A-687x1030.jpg' class='avia_image'  ><img class='avia_image ' src='https:\/\/www.gedifra.com\/wp-content\/uploads\/2021\/05\/ALESSANDRA-A.jpg' alt='' title='ALESSANDRA A'  itemprop=\"thumbnailUrl\"  \/><\/a><\/div><\/div><\/div><div class=\"flex_column av_one_fourth  flex_column_div av-zero-column-padding   \" style='border-radius:0px; '><div class='avia-image-container  av-styling-   avia-align-center '  itemscope=\"itemscope\" itemtype=\"https:\/\/schema.org\/ImageObject\"  ><div class='avia-image-container-inner'><a href='https:\/\/www.gedifra.com\/wp-content\/uploads\/2021\/05\/ALESSANDRA-B-687x1030.jpg' class='avia_image'  ><img class='avia_image ' src='https:\/\/www.gedifra.com\/wp-content\/uploads\/2021\/05\/ALESSANDRA-B.jpg' alt='' title='ALESSANDRA B'  itemprop=\"thumbnailUrl\"  \/><\/a><\/div><\/div><\/div><\/p>\n<\/div><\/div><\/div><div class=\"flex_column av_one_full  flex_column_div av-zero-column-padding first  \" style='border-radius:0px; '>[avia_codeblock_placeholder uid=\"1\"]<\/div><\/p>\n<div class=\"flex_column av_one_full  flex_column_div av-zero-column-padding first  \" style='border-radius:0px; '><div class='avia-button-wrap avia-button-center '><a href='https:\/\/www.gedifra.com\/de\/fw-2019-20\/' class='avia-button  avia-icon_select-no avia-color-theme-color avia-size-large avia-position-center '   ><span class='avia_iconbox_title' >ZUR\u00dcCKKEHREN<\/span><\/a><\/div><\/div>\n","protected":false},"excerpt":{"rendered":"","protected":false},"author":1,"featured_media":0,"parent":0,"menu_order":0,"comment_status":"closed","ping_status":"closed","template":"","meta":[],"_links":{"self":[{"href":"https:\/\/www.gedifra.com\/de\/wp-json\/wp\/v2\/pages\/515"}],"collection":[{"href":"https:\/\/www.gedifra.com\/de\/wp-json\/wp\/v2\/pages"}],"about":[{"href":"https:\/\/www.gedifra.com\/de\/wp-json\/wp\/v2\/types\/page"}],"author":[{"embeddable":true,"href":"https:\/\/www.gedifra.com\/de\/wp-json\/wp\/v2\/users\/1"}],"replies":[{"embeddable":true,"href":"https:\/\/www.gedifra.com\/de\/wp-json\/wp\/v2\/comments?post=515"}],"version-history":[{"count":18,"href":"https:\/\/www.gedifra.com\/de\/wp-json\/wp\/v2\/pages\/515\/revisions"}],"predecessor-version":[{"id":3833,"href":"https:\/\/www.gedifra.com\/de\/wp-json\/wp\/v2\/pages\/515\/revisions\/3833"}],"wp:attachment":[{"href":"https:\/\/www.gedifra.com\/de\/wp-json\/wp\/v2\/media?parent=515"}],"curies":[{"name":"wp","href":"https:\/\/api.w.org\/{rel}","templated":true}]}}