{"id":3152,"date":"2021-05-27T16:14:21","date_gmt":"2021-05-27T14:14:21","guid":{"rendered":"http:\/\/www.gedifra.com\/classico\/"},"modified":"2022-06-16T10:46:24","modified_gmt":"2022-06-16T08:46:24","slug":"classico","status":"publish","type":"page","link":"https:\/\/www.gedifra.com\/de\/classico\/","title":{"rendered":"Classico"},"content":{"rendered":"<div class=\"flex_column av_one_full  flex_column_div first  \" style='padding:0px 0px -20px 0px ; border-radius:0px; '><section class=\"av_textblock_section\"  itemscope=\"itemscope\" itemtype=\"https:\/\/schema.org\/CreativeWork\" ><div class='avia_textblock '   itemprop=\"text\" ><h1 style=\"text-align: center;\">CLASSICO<\/h1>\n<h3 style=\"text-align: center;\"><em>GOTS extra fine merino wool<\/em><\/h3>\n<div class=\"descProdottoInterno\">\n<div style=\"text-align: center;\"><strong>9810046 Classico<\/strong>\u00a050g ball 125m \u2013 <strong>chlorine free Schurwolle (Merino)<\/strong> chlorine free Virgin Wool Merino<\/div>\n<\/div>\n<\/div><\/section><\/div>\n<\/div><\/div><\/div><!-- close content main div --><\/div><\/div><div id='simbolifilato' class='av-layout-grid-container entry-content-wrapper main_color av-flex-cells  container_wrap fullsize'   >\n<div class=\"flex_cell no_margin av_one_third   \" style='vertical-align:top; padding:30px; '><div class='flex_cell_inner' ><\/div><\/div><div class=\"flex_cell no_margin av_one_third   av-zero-padding \" style='vertical-align:top; padding:0px; '><div class='flex_cell_inner' ><div class=\"flex_column av_one_full  flex_column_div first  \" style='padding:30px; border-radius:0px; '><section class=\"avia_codeblock_section avia_code_block_0\"  itemscope=\"itemscope\" itemtype=\"https:\/\/schema.org\/CreativeWork\" ><div class='avia_codeblock '  itemprop=\"text\" > [avia_codeblock_placeholder uid=\"0\"] <\/div><\/section><\/div>\n<\/div><\/div><div class=\"flex_cell no_margin av_one_third   \" style='vertical-align:top; padding:30px; '><div class='flex_cell_inner' ><\/div><\/div>\n<\/div>\n<\/div><\/div><\/div><!-- close content main div --><\/div><\/div><div id='av-layout-grid-2' class='av-layout-grid-container entry-content-wrapper main_color av-flex-cells  container_wrap fullsize'   >\n<div class=\"flex_cell no_margin av_three_fourth   \" style='vertical-align:middle; padding:30px; '><div class='flex_cell_inner' ><p><div class='flex_column_table av-equal-height-column-flextable' ><div class=\"flex_column av_one_fourth  flex_column_table_cell av-equal-height-column av-align-middle av-zero-column-padding first  \" style='border-radius:0px; '><section class=\"av_textblock_section\"  itemscope=\"itemscope\" itemtype=\"https:\/\/schema.org\/CreativeWork\" ><div class='avia_textblock '  style='font-size:30px; '  itemprop=\"text\" ><div class=\"infoNumeri\">125 meters<\/div>\n<\/div><\/section><\/div><div class='av-flex-placeholder'><\/div><div class=\"flex_column av_one_fourth  flex_column_table_cell av-equal-height-column av-align-middle av-zero-column-padding   \" style='border-radius:0px; '><section class=\"av_textblock_section\"  itemscope=\"itemscope\" itemtype=\"https:\/\/schema.org\/CreativeWork\" ><div class='avia_textblock '  style='font-size:30px; '  itemprop=\"text\" ><div class=\"infoNumeri\">50 gr<\/div>\n<\/div><\/section><\/div><div class='av-flex-placeholder'><\/div><div class=\"flex_column av_one_half  flex_column_table_cell av-equal-height-column av-align-middle av-zero-column-padding   \" style='border-radius:0px; '><section class=\"av_textblock_section\"  itemscope=\"itemscope\" itemtype=\"https:\/\/schema.org\/CreativeWork\" ><div class='avia_textblock '  style='font-size:30px; '  itemprop=\"text\" ><div class=\"infoNumeri\"><strong>18 farben<\/strong> colors<\/div>\n<\/div><\/section><\/div><\/div><!--close column table wrapper. Autoclose:  --><section class=\"av_textblock_section\"  itemscope=\"itemscope\" itemtype=\"https:\/\/schema.org\/CreativeWork\" ><div class='avia_textblock '   itemprop=\"text\" ><h3><strong>100% chlorine free Schurwolle (Merino)\u00a0<span class=\"scrittachiara\">chlorine free Virgin Wool Merino<\/span><\/strong><\/h3>\n<\/div><\/section><br \/>\n<section class=\"av_textblock_section\"  itemscope=\"itemscope\" itemtype=\"https:\/\/schema.org\/CreativeWork\" ><div class='avia_textblock '   itemprop=\"text\" ><hr \/>\n<div style=\"font-size: 16px;\">\n<div class=\"page\" title=\"Page 17\">\n<div class=\"section\">\n<div class=\"layoutArea\">\n<div class=\"column\">\n<div class=\"page\" title=\"Page 17\">\n<div class=\"section\">\n<div class=\"layoutArea\">\n<div class=\"column\">\n<p>Classico \u2013 ein klassisches Wollgarn mit trendy Far- ben f\u00fcr Pullover, Schals und mehr. Dieses Garn ist weich und GOTS zertifiziert. So haben sie Gewiss- heit, dass das Garn nicht nur sch\u00f6n zum Stricken und zum Tragen ist, sondern auch sch\u00f6n f\u00fcr die Umwelt.<\/p>\n<\/div>\n<\/div>\n<\/div>\n<\/div>\n<\/div>\n<\/div>\n<\/div>\n<\/div>\n<\/div>\n<\/div><\/section><\/p>\n<\/div><\/div><div class=\"flex_cell no_margin av_one_fourth   \" style='vertical-align:top; padding:30px; '><div class='flex_cell_inner' ><p><div class=\"flex_column av_one_full  flex_column_div av-zero-column-padding first  \" style='border-radius:0px; '><div class='avia-image-container  av-styling-   avia-align-center '  itemscope=\"itemscope\" itemtype=\"https:\/\/schema.org\/ImageObject\"  ><div class='avia-image-container-inner'><a href='https:\/\/www.gedifra.com\/wp-content\/uploads\/2022\/06\/CLASSICO-03302-b.jpg' class='avia_image'  ><img class='avia_image ' src='https:\/\/www.gedifra.com\/wp-content\/uploads\/2022\/06\/CLASSICO-03302-b.jpg' alt='' title='CLASSICO-03302-b'  itemprop=\"thumbnailUrl\"  \/><\/a><\/div><\/div><\/div><div class=\"flex_column av_one_fifth  flex_column_div av-zero-column-padding first  \" style='border-radius:0px; '><div class='avia-image-container  av-styling-   avia-align-center '  itemscope=\"itemscope\" itemtype=\"https:\/\/schema.org\/ImageObject\"  ><div class='avia-image-container-inner'><a href='https:\/\/www.gedifra.com\/wp-content\/uploads\/2021\/05\/MARIAROSA-687x1030.jpg' class='avia_image'  ><img class='avia_image ' src='https:\/\/www.gedifra.com\/wp-content\/uploads\/2021\/05\/MARIAROSA.jpg' alt='' title='MARIAROSA'  itemprop=\"thumbnailUrl\"  \/><\/a><\/div><\/div><\/div><div class=\"flex_column av_one_fifth  flex_column_div av-zero-column-padding   \" style='border-radius:0px; '><div class='avia-image-container  av-styling-   avia-align-center '  itemscope=\"itemscope\" itemtype=\"https:\/\/schema.org\/ImageObject\"  ><div class='avia-image-container-inner'><a href='https:\/\/www.gedifra.com\/wp-content\/uploads\/2021\/05\/LORENZA-687x1030.jpg' class='avia_image'  ><img class='avia_image ' src='https:\/\/www.gedifra.com\/wp-content\/uploads\/2021\/05\/LORENZA.jpg' alt='' title='LORENZA'  itemprop=\"thumbnailUrl\"  \/><\/a><\/div><\/div><\/div><div class=\"flex_column av_one_fifth  flex_column_div av-zero-column-padding   \" style='border-radius:0px; '><div class='avia-image-container  av-styling-   avia-align-center '  itemscope=\"itemscope\" itemtype=\"https:\/\/schema.org\/ImageObject\"  ><div class='avia-image-container-inner'><a href='https:\/\/www.gedifra.com\/wp-content\/uploads\/2021\/05\/FIORENZA-687x1030.jpg' class='avia_image'  ><img class='avia_image ' src='https:\/\/www.gedifra.com\/wp-content\/uploads\/2021\/05\/FIORENZA.jpg' alt='' title='FIORENZA'  itemprop=\"thumbnailUrl\"  \/><\/a><\/div><\/div><\/div><div class=\"flex_column av_one_fifth  flex_column_div av-zero-column-padding   \" style='border-radius:0px; '><div class='avia-image-container  av-styling-   avia-align-center '  itemscope=\"itemscope\" itemtype=\"https:\/\/schema.org\/ImageObject\"  ><div class='avia-image-container-inner'><a href='https:\/\/www.gedifra.com\/wp-content\/uploads\/2021\/05\/ADELINA-B-687x1030.jpg' class='avia_image'  ><img class='avia_image ' src='https:\/\/www.gedifra.com\/wp-content\/uploads\/2021\/05\/ADELINA-B.jpg' alt='' title='ADELINA B'  itemprop=\"thumbnailUrl\"  \/><\/a><\/div><\/div><\/div><div class=\"flex_column av_one_fifth  flex_column_div av-zero-column-padding   \" style='border-radius:0px; '><div class='avia-image-container  av-styling-   avia-align-center '  itemscope=\"itemscope\" itemtype=\"https:\/\/schema.org\/ImageObject\"  ><div class='avia-image-container-inner'><a href='https:\/\/www.gedifra.com\/wp-content\/uploads\/2021\/05\/ADELINA-A-687x1030.jpg' class='avia_image'  ><img class='avia_image ' src='https:\/\/www.gedifra.com\/wp-content\/uploads\/2021\/05\/ADELINA-A.jpg' alt='' title='ADELINA A'  itemprop=\"thumbnailUrl\"  \/><\/a><\/div><\/div><\/div><\/p>\n<\/div><\/div><\/div><div class=\"flex_column av_one_full  flex_column_div av-zero-column-padding first  \" style='border-radius:0px; '>[avia_codeblock_placeholder uid=\"1\"]<\/div><\/p>\n<div class=\"flex_column av_one_full  flex_column_div av-zero-column-padding first  \" style='border-radius:0px; '><div class='avia-button-wrap avia-button-center '><a href='https:\/\/www.gedifra.com\/de\/fw-2019-20\/' class='avia-button  avia-icon_select-no avia-color-theme-color avia-size-large avia-position-center '   ><span class='avia_iconbox_title' >ZUR\u00dcCKKEHREN<\/span><\/a><\/div><\/div>\n","protected":false},"excerpt":{"rendered":"","protected":false},"author":1,"featured_media":0,"parent":0,"menu_order":0,"comment_status":"closed","ping_status":"closed","template":"","meta":[],"_links":{"self":[{"href":"https:\/\/www.gedifra.com\/de\/wp-json\/wp\/v2\/pages\/3152"}],"collection":[{"href":"https:\/\/www.gedifra.com\/de\/wp-json\/wp\/v2\/pages"}],"about":[{"href":"https:\/\/www.gedifra.com\/de\/wp-json\/wp\/v2\/types\/page"}],"author":[{"embeddable":true,"href":"https:\/\/www.gedifra.com\/de\/wp-json\/wp\/v2\/users\/1"}],"replies":[{"embeddable":true,"href":"https:\/\/www.gedifra.com\/de\/wp-json\/wp\/v2\/comments?post=3152"}],"version-history":[{"count":4,"href":"https:\/\/www.gedifra.com\/de\/wp-json\/wp\/v2\/pages\/3152\/revisions"}],"predecessor-version":[{"id":3801,"href":"https:\/\/www.gedifra.com\/de\/wp-json\/wp\/v2\/pages\/3152\/revisions\/3801"}],"wp:attachment":[{"href":"https:\/\/www.gedifra.com\/de\/wp-json\/wp\/v2\/media?parent=3152"}],"curies":[{"name":"wp","href":"https:\/\/api.w.org\/{rel}","templated":true}]}}