{"id":1929,"date":"2019-09-29T12:03:16","date_gmt":"2019-09-29T10:03:16","guid":{"rendered":"http:\/\/www.gedifra.com\/?page_id=1929\/"},"modified":"2020-09-11T14:01:49","modified_gmt":"2020-09-11T12:01:49","slug":"lana-mia-one-4-two-genio","status":"publish","type":"page","link":"https:\/\/www.gedifra.com\/de\/lana-mia-one-4-two-genio\/","title":{"rendered":"Lana Mia One 4 Two Genio"},"content":{"rendered":"<div class=\"flex_column av_one_full  flex_column_div first  \" style='padding:0px 0px -20px 0px ; border-radius:0px; '><section class=\"av_textblock_section\"  itemscope=\"itemscope\" itemtype=\"https:\/\/schema.org\/CreativeWork\" ><div class='avia_textblock '   itemprop=\"text\" ><h1 style=\"text-align: center;\">LANA MIA\u00a0ONE 4 TWO GENIO<\/h1>\n<h3 style=\"text-align: center;\"><em>merino sock wool<\/em><\/h3>\n<div class=\"descProdottoInterno\">\n<div style=\"text-align: center;\"><strong>9810038 Lana Mia One 4 Two Genio<\/strong> 100g ball 390m \u2013 <strong>80% schurwolle, superwash<\/strong> virgin wool, superwash\u00a0 <strong>20% polyamid<\/strong> polyamide<\/div>\n<\/div>\n<\/div><\/section><\/div>\n<\/div><\/div><\/div><!-- close content main div --><\/div><\/div><div id='simbolifilato' class='av-layout-grid-container entry-content-wrapper main_color av-flex-cells  container_wrap fullsize'   >\n<div class=\"flex_cell no_margin av_one_third   \" style='vertical-align:top; padding:30px; '><div class='flex_cell_inner' ><\/div><\/div><div class=\"flex_cell no_margin av_one_third   av-zero-padding \" style='vertical-align:top; padding:0px; '><div class='flex_cell_inner' ><div class=\"flex_column av_one_full  flex_column_div av-zero-column-padding first  \" style='border-radius:0px; '><section class=\"avia_codeblock_section avia_code_block_0\"  itemscope=\"itemscope\" itemtype=\"https:\/\/schema.org\/CreativeWork\" ><div class='avia_codeblock '  itemprop=\"text\" > [avia_codeblock_placeholder uid=\"0\"] <\/div><\/section><\/div>\n<\/div><\/div><div class=\"flex_cell no_margin av_one_third   \" style='vertical-align:top; padding:30px; '><div class='flex_cell_inner' ><\/div><\/div>\n<\/div>\n<\/div><\/div><\/div><!-- close content main div --><\/div><\/div><div id='av-layout-grid-2' class='av-layout-grid-container entry-content-wrapper main_color av-flex-cells  container_wrap fullsize'   >\n<div class=\"flex_cell no_margin av_three_fourth   \" style='vertical-align:middle; padding:30px; '><div class='flex_cell_inner' ><p><div class='flex_column_table av-equal-height-column-flextable' ><div class=\"flex_column av_one_fourth  flex_column_table_cell av-equal-height-column av-align-middle av-zero-column-padding first  \" style='border-radius:0px; '><section class=\"av_textblock_section\"  itemscope=\"itemscope\" itemtype=\"https:\/\/schema.org\/CreativeWork\" ><div class='avia_textblock '  style='font-size:30px; '  itemprop=\"text\" ><div class=\"infoNumeri\">390\u00a0meters<\/div>\n<\/div><\/section><\/div><div class='av-flex-placeholder'><\/div><div class=\"flex_column av_one_fourth  flex_column_table_cell av-equal-height-column av-align-middle av-zero-column-padding   \" style='border-radius:0px; '><section class=\"av_textblock_section\"  itemscope=\"itemscope\" itemtype=\"https:\/\/schema.org\/CreativeWork\" ><div class='avia_textblock '  style='font-size:30px; '  itemprop=\"text\" ><div class=\"infoNumeri\">100 gr<\/div>\n<\/div><\/section><\/div><div class='av-flex-placeholder'><\/div><div class=\"flex_column av_one_half  flex_column_table_cell av-equal-height-column av-align-middle av-zero-column-padding   \" style='border-radius:0px; '><section class=\"av_textblock_section\"  itemscope=\"itemscope\" itemtype=\"https:\/\/schema.org\/CreativeWork\" ><div class='avia_textblock '  style='font-size:30px; '  itemprop=\"text\" ><div class=\"infoNumeri\"><strong>6\u00a0farben<\/strong> colors<\/div>\n<\/div><\/section><\/div><\/div><!--close column table wrapper. Autoclose:  --><section class=\"av_textblock_section\"  itemscope=\"itemscope\" itemtype=\"https:\/\/schema.org\/CreativeWork\" ><div class='avia_textblock '   itemprop=\"text\" ><div class=\"bordedbottom\">\n<h3><strong>75% SCHURWOLLE, SUPERWASH <span class=\"scrittachiara\">VIRGIN WOOL, SUPER WASH<\/span><\/strong><\/h3>\n<h4>25% POLYAMID <span class=\"scrittachiara\">POLYAMIDE<\/span><\/h4>\n<\/div>\n<\/div><\/section><br \/>\n<section class=\"av_textblock_section\"  itemscope=\"itemscope\" itemtype=\"https:\/\/schema.org\/CreativeWork\" ><div class='avia_textblock '   itemprop=\"text\" ><div class=\"bordedbottom\">\n<p>Sie halten ein neues und innovatives Sockengarn in Ihren H\u00e4nden. LanaMia One4Two sagt alles im Namen: ein Kn\u00e4uel f\u00fcr zwei Socken. Jetzt k\u00f6nnen Sie ganz einfach das perfekt abgestimmte Paar Socken stricken. Mit dem leicht zu erkennende Start, wickeln Sie das Garn vom Kn\u00e4uel bis das Ende des Starterfaden erreicht ist. Dann k\u00f6nnen Sie beginnen Ihre erste Socke zu stricken. F\u00fcr die zweite Socke einfach das Garn wieder abwickeln bis Sie den gleichen Ausgangspunkt erreicht haben und voil\u00e0, zwei passende Socken. Wir haben sogar einen Abschnitt eingef\u00fcgt f\u00fcr einen andersfarbige Ferse. Sie k\u00f6nnen jede Muster oder Maschenzahl verwenden, die Sie w\u00fcnschen, halten Sie einfach Ihre zweite Socke an die erste, um zu \u00fcberpr\u00fcfen, wo die Ferse und Fu\u00dfspitze beginnen und die Streifen passen perfekt zusammen. Falls Sie sich entscheiden, von Aussen zu stricken, zum Beispiel f\u00fcr Socken von der Spitze (Toe-Up Socken), gilt das Gleiche: Machen Sie die dieselben Schritte f\u00fcr die Zweite Socke wie f\u00fcr die Erste. Mit diesen wenigen einfachen Tipps ist es so unkompliziert wie eins, zwei, drei; oder besser noch: One, Four, Two.<\/p>\n<\/div>\n<\/div><\/section><\/p>\n<\/div><\/div><div class=\"flex_cell no_margin av_one_fourth   \" style='vertical-align:top; padding:30px; '><div class='flex_cell_inner' ><p><div class=\"flex_column av_one_full  flex_column_div av-zero-column-padding first  \" style='border-radius:0px; '><div class='avia-image-container  av-styling-   avia-align-center '  itemscope=\"itemscope\" itemtype=\"https:\/\/schema.org\/ImageObject\"  ><div class='avia-image-container-inner'><a href='https:\/\/www.gedifra.com\/wp-content\/uploads\/2019\/09\/9810038-02904-b-1030x1030.jpg' class='avia_image'  ><img class='avia_image ' src='https:\/\/www.gedifra.com\/wp-content\/uploads\/2019\/09\/9810038-02904-b.jpg' alt='' title='9810038-02904-b'  itemprop=\"thumbnailUrl\"  \/><\/a><\/div><\/div><\/div><div class=\"flex_column av_one_half  flex_column_div av-zero-column-padding first  \" style='border-radius:0px; '><\/div><div class=\"flex_column av_one_half  flex_column_div av-zero-column-padding   \" style='border-radius:0px; '><\/div><\/p>\n<\/div><\/div><\/div><div class=\"flex_column av_one_full  flex_column_div av-zero-column-padding first  \" style='border-radius:0px; '>[avia_codeblock_placeholder uid=\"1\"]<\/div><\/p>\n<div class=\"flex_column av_one_full  flex_column_div av-zero-column-padding first  \" style='border-radius:0px; '><div class='avia-button-wrap avia-button-center '><a href='https:\/\/www.gedifra.com\/de\/aw-2021-22\/' class='avia-button  avia-icon_select-no avia-color-theme-color avia-size-large avia-position-center '   ><span class='avia_iconbox_title' >ZUR\u00dcCKKEHREN<\/span><\/a><\/div><\/div>\n","protected":false},"excerpt":{"rendered":"","protected":false},"author":1,"featured_media":0,"parent":0,"menu_order":0,"comment_status":"closed","ping_status":"closed","template":"","meta":[],"_links":{"self":[{"href":"https:\/\/www.gedifra.com\/de\/wp-json\/wp\/v2\/pages\/1929"}],"collection":[{"href":"https:\/\/www.gedifra.com\/de\/wp-json\/wp\/v2\/pages"}],"about":[{"href":"https:\/\/www.gedifra.com\/de\/wp-json\/wp\/v2\/types\/page"}],"author":[{"embeddable":true,"href":"https:\/\/www.gedifra.com\/de\/wp-json\/wp\/v2\/users\/1"}],"replies":[{"embeddable":true,"href":"https:\/\/www.gedifra.com\/de\/wp-json\/wp\/v2\/comments?post=1929"}],"version-history":[{"count":6,"href":"https:\/\/www.gedifra.com\/de\/wp-json\/wp\/v2\/pages\/1929\/revisions"}],"predecessor-version":[{"id":2795,"href":"https:\/\/www.gedifra.com\/de\/wp-json\/wp\/v2\/pages\/1929\/revisions\/2795"}],"wp:attachment":[{"href":"https:\/\/www.gedifra.com\/de\/wp-json\/wp\/v2\/media?parent=1929"}],"curies":[{"name":"wp","href":"https:\/\/api.w.org\/{rel}","templated":true}]}}