{"id":191,"date":"2017-03-31T09:41:04","date_gmt":"2017-03-31T07:41:04","guid":{"rendered":"http:\/\/www.gedifra.com\/?page_id=191"},"modified":"2021-06-15T14:48:37","modified_gmt":"2021-06-15T12:48:37","slug":"philosophy","status":"publish","type":"page","link":"https:\/\/www.gedifra.com\/de\/philosophy\/","title":{"rendered":"Philosophie"},"content":{"rendered":"<\/div><\/div><\/div><!-- close content main div --><\/div><\/div><div id='full_slider_1' class='avia-fullwidth-slider main_color avia-shadow  container_wrap fullsize'   ><div  data-size='no scaling'  data-lightbox_size='large'  data-animation='slide'  data-ids='59,2236'  data-video_counter='0'  data-autoplay='true'  data-bg_slider='false'  data-slide_height=''  data-handle='av_slideshow_full'  data-interval='5'  data-class=' '  data-css_id=''  data-scroll_down=''  data-control_layout='av-control-hidden'  data-custom_markup=''  data-perma_caption=''  data-autoplay_stopper=''  data-image_attachment=''  data-min_height='0px'  data-src=''  data-position='top left'  data-repeat='no-repeat'  data-attach='scroll'  data-stretch=''  class='avia-slideshow avia-slideshow-1  av-control-hidden av-default-height-applied avia-slideshow-no scaling av_slideshow_full   avia-slide-slider '  itemscope=\"itemscope\" itemtype=\"https:\/\/schema.org\/ImageObject\" ><ul class='avia-slideshow-inner' style='padding-bottom: 50%;'><li  class=' slide-1 ' ><div data-rel='slideshow-1' class='avia-slide-wrap'  ><img src='https:\/\/www.gedifra.com\/wp-content\/uploads\/2017\/03\/bannerPhilosophy.jpg' width='1800' height='900' title='bannerPhilosophy' alt=''  itemprop=\"thumbnailUrl\"   \/><\/div><\/li><li  class=' slide-2 ' ><div data-rel='slideshow-1' class='avia-slide-wrap'  ><img src='https:\/\/www.gedifra.com\/wp-content\/uploads\/2017\/03\/10955_Ansicht-1.jpg' width='1800' height='900' title='10955_Ansicht' alt=''  itemprop=\"thumbnailUrl\"   \/><\/div><\/li><\/ul><div class='avia-slideshow-arrows avia-slideshow-controls'><a href='#prev' class='prev-slide' aria-hidden='true' data-av_icon='\ue87c' data-av_iconfont='entypo-fontello'>Zur\u00fcck<\/a><a href='#next' class='next-slide' aria-hidden='true' data-av_icon='\ue87d' data-av_iconfont='entypo-fontello'>Weiter<\/a><\/div><div class='avia-slideshow-dots avia-slideshow-controls'><a href='#1' class='goto-slide active' >1<\/a><a href='#2' class='goto-slide ' >2<\/a><\/div><\/div><\/div>\n<\/div><\/div><\/div><!-- close content main div --><\/div><\/div><div id='av_section_1' class='avia-section main_color avia-section-no-padding avia-no-border-styling avia-bg-style-scroll  container_wrap fullsize' style = 'background-repeat: no-repeat; background-image: url(https:\/\/www.gedifra.com\/wp-content\/uploads\/2017\/03\/background-philosophy.jpg); background-attachment: scroll; background-position: center center; ' data-section-bg-repeat='no-repeat' ><div class='container' ><div class='template-page content  av-content-full alpha units'><div class='post-entry post-entry-type-page post-entry-191'><div class='entry-content-wrapper clearfix'>\n<div style=' margin-top:30px; margin-bottom:30px;'  class='hr hr-custom hr-center hr-icon-no '><span class='hr-inner   inner-border-av-border-none' style=' width:50px;' ><span class='hr-inner-style'><\/span><\/span><\/div>\n<div class='flex_column_table av-equal-height-column-flextable' ><div class=\"flex_column av_one_fifth  flex_column_table_cell av-equal-height-column av-align-middle av-zero-column-padding first  \" style='border-radius:0px; '><\/div><div class='av-flex-placeholder'><\/div><div class=\"flex_column av_three_fifth  flex_column_table_cell av-equal-height-column av-align-middle av-zero-column-padding   \" style='border-radius:0px; '><section class=\"av_textblock_section\"  itemscope=\"itemscope\" itemtype=\"https:\/\/schema.org\/CreativeWork\" ><div class='avia_textblock '  style='font-size:17px; '  itemprop=\"text\" ><p style=\"text-align: justify;\">Gedifra ist eine bekannte Marke f\u00fcr Handstrickgarn mit einer langen europ\u00e4ischen<br \/>\nGeschichte die bis in das Jahr 1922 zur\u00fcckreicht.<br \/>\nMit der F\u00e4higkeit, sich immer wieder neu zu erfinden und sich den ver\u00e4nderten Zeiten anzupassen, haben wir Europa bereist um die besten Garne f\u00fcr die modernen Strickerinnen von heute zu finden.<\/p>\n<p style=\"text-align: justify;\">W\u00e4hrend unserer Reise entdeckten wir die Kombination aus moderner Technik und Tradition, wie in den H\u00fcgeln der Toskana in Italien zu finden war. Daher stammt die Idee, innovative Garne von au\u00dfergew\u00f6hnlicher Qualit\u00e4t aus den ausschlie\u00dflich Besten Fasern der Welt zu produzieren.<\/p>\n<p style=\"text-align: justify;\">Unserer Liebe zu Naturfasern bedeutet auch, in allen Aspekten der Produktion inklusive einem ethischen Ansatz f\u00fcr Tier und Umwelt treu zu bleiben und ausschlie\u00dflich Fasern von Z\u00fcchtern einzusetzen, die Tiere respektieren.<br \/>\nEbenso sind wir durch nat\u00fcrliche Farben inspiriert und verbinden diese mit den Lichtern unserer St\u00e4dte und dem offenen Himmel der Landschaften.<\/p>\n<p style=\"text-align: justify;\">Unsere Garne und Fasern sind nicht nur ein Kernelement der Do It Yourself Kultur: Wir streben auch an, anspruchsvolle und kreative Projekte f\u00fcr alle Aspekte des Lebens zu schaffen und damit die urbane und zeitgen\u00f6ssische Strickerin anzusprechen.<\/p>\n<p style=\"text-align: justify;\">Mittels einer breiten Palette von Garnen und Designs, die sowohl Anf\u00e4nger wie auch erfahrene Stricker begeistern werden, wollen wir auch vielbesch\u00e4ftigte Frauen ansprechen, die Ihre Zeit zwischen Arbeit, \u00a0Reisen und Familie aufteilen m\u00fcssen, und trotzdem einen Ausgleich in ihrem Hobby suchen. Dadurch k\u00f6nnen diese ihr Interesse an Mode weiteren Aspekten ihres Lebens auszudr\u00fccken, unterwegs oder entspannt zu hause.<\/p>\n<\/div><\/section><br \/>\n<section class=\"av_textblock_section\"  itemscope=\"itemscope\" itemtype=\"https:\/\/schema.org\/CreativeWork\" ><div class='avia_textblock '  style='font-size:20px; '  itemprop=\"text\" ><h3 style=\"text-align: center;\">WIR KREIEREN SCH\u00d6NE GARNE, DIE SOWOHL F\u00dcR<br \/>\nDEN TR\u00c4GER UND F\u00dcR SIE, DIE STRICKERIN, SEHR ANGENEHM AUF DER HAUT GLEITEN.<\/h3>\n<\/div><\/section><\/p><\/div><div class='av-flex-placeholder'><\/div><div class=\"flex_column av_one_fifth  flex_column_table_cell av-equal-height-column av-align-middle av-zero-column-padding   \" style='border-radius:0px; '><\/div><\/div><!--close column table wrapper. Autoclose:  --><div class=\"flex_column av_one_full  flex_column_div av-zero-column-padding first  \" style='border-radius:0px; '><div class='avia-image-container  av-styling-   avia-align-center '  itemscope=\"itemscope\" itemtype=\"https:\/\/schema.org\/ImageObject\"  ><div class='avia-image-container-inner'><img class='avia_image ' src='https:\/\/www.gedifra.com\/wp-content\/uploads\/2017\/03\/gedifra-natural-fibers.jpg' alt='' title='gedifra natural fibers'   itemprop=\"thumbnailUrl\"  \/><\/div><\/div><\/div><div class=\"flex_column av_one_full  flex_column_div av-zero-column-padding first  \" style='border-radius:0px; '><section class=\"av_textblock_section\"  itemscope=\"itemscope\" itemtype=\"https:\/\/schema.org\/CreativeWork\" ><div class='avia_textblock '   itemprop=\"text\" ><h1 style=\"text-align: center;\">&#8230;WIR LIEBEN DIE NATUR<\/h1>\n<\/div><\/section><\/div><div class=\"flex_column av_one_full  flex_column_div av-zero-column-padding first  \" style='border-radius:0px; '><div class='avia-image-container  av-styling-   avia-align-center '  itemscope=\"itemscope\" itemtype=\"https:\/\/schema.org\/ImageObject\"  ><div class='avia-image-container-inner'><img class='avia_image ' src='https:\/\/www.gedifra.com\/wp-content\/uploads\/2021\/06\/pexels-photo-1974381-1.jpeg' alt='' title='pexels-photo-1974381'   itemprop=\"thumbnailUrl\"  \/><\/div><\/div><\/div>\n","protected":false},"excerpt":{"rendered":"","protected":false},"author":1,"featured_media":0,"parent":0,"menu_order":0,"comment_status":"closed","ping_status":"closed","template":"","meta":[],"_links":{"self":[{"href":"https:\/\/www.gedifra.com\/de\/wp-json\/wp\/v2\/pages\/191"}],"collection":[{"href":"https:\/\/www.gedifra.com\/de\/wp-json\/wp\/v2\/pages"}],"about":[{"href":"https:\/\/www.gedifra.com\/de\/wp-json\/wp\/v2\/types\/page"}],"author":[{"embeddable":true,"href":"https:\/\/www.gedifra.com\/de\/wp-json\/wp\/v2\/users\/1"}],"replies":[{"embeddable":true,"href":"https:\/\/www.gedifra.com\/de\/wp-json\/wp\/v2\/comments?post=191"}],"version-history":[{"count":8,"href":"https:\/\/www.gedifra.com\/de\/wp-json\/wp\/v2\/pages\/191\/revisions"}],"predecessor-version":[{"id":3452,"href":"https:\/\/www.gedifra.com\/de\/wp-json\/wp\/v2\/pages\/191\/revisions\/3452"}],"wp:attachment":[{"href":"https:\/\/www.gedifra.com\/de\/wp-json\/wp\/v2\/media?parent=191"}],"curies":[{"name":"wp","href":"https:\/\/api.w.org\/{rel}","templated":true}]}}