{"id":1196,"date":"2018-09-28T11:39:36","date_gmt":"2018-09-28T09:39:36","guid":{"rendered":"http:\/\/www.gedifra.com\/tessa\/"},"modified":"2019-10-02T21:11:45","modified_gmt":"2019-10-02T19:11:45","slug":"tessa","status":"publish","type":"page","link":"https:\/\/www.gedifra.com\/de\/tessa\/","title":{"rendered":"Tessa"},"content":{"rendered":"<div class=\"flex_column av_one_full  flex_column_div first  \" style='padding:0px 0px -20px 0px ; border-radius:0px; '><section class=\"av_textblock_section\"  itemscope=\"itemscope\" itemtype=\"https:\/\/schema.org\/CreativeWork\" ><div class='avia_textblock '   itemprop=\"text\" ><h1 style=\"text-align: center;\">TESSA<\/h1>\n<h3 style=\"text-align: center;\"><em>Baby alpaca and extrafine merino wool<\/em><\/h3>\n<div class=\"descProdottoInterno\">\n<div style=\"text-align: center;\"><em><strong>9810024 Tessa<\/strong>\u00a050g ball 55m &#8211; <strong>50% wolle<\/strong>\u00a0wool\u00a0<strong>50%<\/strong>\u00a0<strong>alpaka\u00a0<\/strong>alpaca<\/em><\/div>\n<\/div>\n<\/div><\/section><\/div>\n<\/div><\/div><\/div><!-- close content main div --><\/div><\/div><div id='simbolifilato' class='av-layout-grid-container entry-content-wrapper main_color av-flex-cells  container_wrap fullsize'   >\n<div class=\"flex_cell no_margin av_one_third   \" style='vertical-align:top; padding:30px; '><div class='flex_cell_inner' ><\/div><\/div><div class=\"flex_cell no_margin av_one_third   av-zero-padding \" style='vertical-align:top; padding:0px; '><div class='flex_cell_inner' ><div class=\"flex_column av_one_full  flex_column_div av-zero-column-padding first  \" style='border-radius:0px; '><section class=\"avia_codeblock_section avia_code_block_0\"  itemscope=\"itemscope\" itemtype=\"https:\/\/schema.org\/CreativeWork\" ><div class='avia_codeblock '  itemprop=\"text\" > [avia_codeblock_placeholder uid=\"0\"] <\/div><\/section><\/div>\n<\/div><\/div><div class=\"flex_cell no_margin av_one_third   \" style='vertical-align:top; padding:30px; '><div class='flex_cell_inner' ><\/div><\/div>\n<\/div>\n<\/div><\/div><\/div><!-- close content main div --><\/div><\/div><div id='av-layout-grid-2' class='av-layout-grid-container entry-content-wrapper main_color av-flex-cells  container_wrap fullsize'   >\n<div class=\"flex_cell no_margin av_three_fourth   \" style='vertical-align:middle; padding:30px; '><div class='flex_cell_inner' ><p><div class='flex_column_table av-equal-height-column-flextable' ><div class=\"flex_column av_one_fourth  flex_column_table_cell av-equal-height-column av-align-middle av-zero-column-padding first  \" style='border-radius:0px; '><section class=\"av_textblock_section\"  itemscope=\"itemscope\" itemtype=\"https:\/\/schema.org\/CreativeWork\" ><div class='avia_textblock '  style='font-size:30px; '  itemprop=\"text\" ><div class=\"infoNumeri\">55\u00a0meters<\/div>\n<\/div><\/section><\/div><div class='av-flex-placeholder'><\/div><div class=\"flex_column av_one_fourth  flex_column_table_cell av-equal-height-column av-align-middle av-zero-column-padding   \" style='border-radius:0px; '><section class=\"av_textblock_section\"  itemscope=\"itemscope\" itemtype=\"https:\/\/schema.org\/CreativeWork\" ><div class='avia_textblock '  style='font-size:30px; '  itemprop=\"text\" ><div class=\"infoNumeri\">50 gr<\/div>\n<\/div><\/section><\/div><div class='av-flex-placeholder'><\/div><div class=\"flex_column av_one_half  flex_column_table_cell av-equal-height-column av-align-middle av-zero-column-padding   \" style='border-radius:0px; '><section class=\"av_textblock_section\"  itemscope=\"itemscope\" itemtype=\"https:\/\/schema.org\/CreativeWork\" ><div class='avia_textblock '  style='font-size:30px; '  itemprop=\"text\" ><div class=\"infoNumeri\"><strong>20\u00a0farben<\/strong> colors<\/div>\n<\/div><\/section><\/div><\/div><!--close column table wrapper. Autoclose:  --><section class=\"av_textblock_section\"  itemscope=\"itemscope\" itemtype=\"https:\/\/schema.org\/CreativeWork\" ><div class='avia_textblock '   itemprop=\"text\" ><h3><strong>88% ALPAKA\u00a0<span class=\"scrittachiara\">ALPACA<\/span><\/strong><\/h3>\n<h4>12% NYLON\u00a0<span class=\"scrittachiara\">NYLON<\/span><\/h4>\n<\/div><\/section><br \/>\n<section class=\"av_textblock_section\"  itemscope=\"itemscope\" itemtype=\"https:\/\/schema.org\/CreativeWork\" ><div class='avia_textblock '   itemprop=\"text\" ><hr \/>\n<div style=\"font-size: 16px;\">Die flauschige Alpaka-mischung ist leicht, weich und schafft mit 18 Farben einen Hauch von eleganz f\u00fcr ihre garderobe. tessa ist das optimale garn f\u00fcr wundersch\u00f6ne winterkleidung.<\/div>\n<\/div><\/section><\/p>\n<\/div><\/div><div class=\"flex_cell no_margin av_one_fourth   \" style='vertical-align:top; padding:30px; '><div class='flex_cell_inner' ><p><div class=\"flex_column av_one_full  flex_column_div av-zero-column-padding first  \" style='border-radius:0px; '><div class='avia-image-container  av-styling-   avia-align-center '  itemscope=\"itemscope\" itemtype=\"https:\/\/schema.org\/ImageObject\"  ><div class='avia-image-container-inner'><a href='https:\/\/www.gedifra.com\/wp-content\/uploads\/2018\/09\/TESSA-9810024-1413-B.png' class='avia_image'  ><img class='avia_image ' src='https:\/\/www.gedifra.com\/wp-content\/uploads\/2018\/09\/TESSA-9810024-1413-B.png' alt='' title='TESSA-9810024-1413-B'  itemprop=\"thumbnailUrl\"  \/><\/a><\/div><\/div><\/div><div class=\"flex_column av_one_half  flex_column_div av-zero-column-padding first  \" style='border-radius:0px; '><\/div><div class=\"flex_column av_one_half  flex_column_div av-zero-column-padding   \" style='border-radius:0px; '><\/div><\/p>\n<\/div><\/div><\/div><div class=\"flex_column av_one_full  flex_column_div av-zero-column-padding first  \" style='border-radius:0px; '>[avia_codeblock_placeholder uid=\"1\"]<\/div><\/p>\n<div class=\"flex_column av_one_full  flex_column_div av-zero-column-padding first  \" style='border-radius:0px; '><div class='avia-button-wrap avia-button-center '><a href='https:\/\/www.gedifra.com\/de\/fw-2019-20\/' class='avia-button  avia-icon_select-no avia-color-theme-color avia-size-large avia-position-center '   ><span class='avia_iconbox_title' >ZUR\u00dcCKKEHREN<\/span><\/a><\/div><\/div>\n","protected":false},"excerpt":{"rendered":"","protected":false},"author":1,"featured_media":0,"parent":0,"menu_order":0,"comment_status":"closed","ping_status":"closed","template":"","meta":[],"_links":{"self":[{"href":"https:\/\/www.gedifra.com\/de\/wp-json\/wp\/v2\/pages\/1196"}],"collection":[{"href":"https:\/\/www.gedifra.com\/de\/wp-json\/wp\/v2\/pages"}],"about":[{"href":"https:\/\/www.gedifra.com\/de\/wp-json\/wp\/v2\/types\/page"}],"author":[{"embeddable":true,"href":"https:\/\/www.gedifra.com\/de\/wp-json\/wp\/v2\/users\/1"}],"replies":[{"embeddable":true,"href":"https:\/\/www.gedifra.com\/de\/wp-json\/wp\/v2\/comments?post=1196"}],"version-history":[{"count":9,"href":"https:\/\/www.gedifra.com\/de\/wp-json\/wp\/v2\/pages\/1196\/revisions"}],"predecessor-version":[{"id":2105,"href":"https:\/\/www.gedifra.com\/de\/wp-json\/wp\/v2\/pages\/1196\/revisions\/2105"}],"wp:attachment":[{"href":"https:\/\/www.gedifra.com\/de\/wp-json\/wp\/v2\/media?parent=1196"}],"curies":[{"name":"wp","href":"https:\/\/api.w.org\/{rel}","templated":true}]}}